{"id":3111,"date":"2021-11-03T10:59:58","date_gmt":"2021-11-03T10:59:58","guid":{"rendered":"https:\/\/euromet.it\/ombres\/"},"modified":"2021-11-19T14:21:46","modified_gmt":"2021-11-19T14:21:46","slug":"ombres","status":"publish","type":"page","link":"https:\/\/euromet.it\/fr\/ombres\/","title":{"rendered":"Ombres"},"content":{"rendered":"<\/p>\n<div id='av-layout-grid-1'  class='av-layout-grid-container av-jfhsce-31fbe8f4f04dd4b725632a83ce5b3817 entry-content-wrapper main_color av-flex-cells  avia-builder-el-0  el_before_av_hr  avia-builder-el-first   container_wrap sidebar_right'  >\n\n<style type=\"text\/css\" data-created_by=\"avia_inline_auto\" id=\"style-css-av-i2et8e-0e3324808dfc7fea05287f4905d6f839\">\n.flex_cell.av-i2et8e-0e3324808dfc7fea05287f4905d6f839{\nvertical-align:middle;\nheight:500px;\nmin-height:500px;\n}\n.responsive #top #wrap_all .flex_cell.av-i2et8e-0e3324808dfc7fea05287f4905d6f839{\npadding:80px 80px 80px 80px !important;\n}\n<\/style>\n<div class='flex_cell av-i2et8e-0e3324808dfc7fea05287f4905d6f839 av-gridrow-cell av_one_half no_margin  avia-builder-el-1  el_before_av_cell_one_half  avia-builder-el-first  content-align-middle avia-full-stretch'  ><div class='flex_cell_inner'><p>\n<style type=\"text\/css\" data-created_by=\"avia_inline_auto\" id=\"style-css-av-kqrr7woy-8244f064d42b9d8c0319210c5e313cfa\">\n#top .av-special-heading.av-kqrr7woy-8244f064d42b9d8c0319210c5e313cfa{\npadding-bottom:25px;\ncolor:#444444;\nfont-size:34px;\n}\nbody .av-special-heading.av-kqrr7woy-8244f064d42b9d8c0319210c5e313cfa .av-special-heading-tag .heading-char{\nfont-size:25px;\n}\n#top #wrap_all .av-special-heading.av-kqrr7woy-8244f064d42b9d8c0319210c5e313cfa .av-special-heading-tag{\nfont-size:34px;\n}\n.av-special-heading.av-kqrr7woy-8244f064d42b9d8c0319210c5e313cfa .special-heading-inner-border{\nborder-color:#444444;\n}\n.av-special-heading.av-kqrr7woy-8244f064d42b9d8c0319210c5e313cfa .av-subheading{\nfont-size:15px;\n}\n\n@media only screen and (min-width: 480px) and (max-width: 767px){ \n#top #wrap_all .av-special-heading.av-kqrr7woy-8244f064d42b9d8c0319210c5e313cfa .av-special-heading-tag{\nfont-size:0.8em;\n}\n}\n\n@media only screen and (max-width: 479px){ \n#top #wrap_all .av-special-heading.av-kqrr7woy-8244f064d42b9d8c0319210c5e313cfa .av-special-heading-tag{\nfont-size:0.8em;\n}\n}\n<\/style>\n<div  class='av-special-heading av-kqrr7woy-8244f064d42b9d8c0319210c5e313cfa av-special-heading-h3 custom-color-heading blockquote modern-quote  avia-builder-el-2  el_before_av_textblock  avia-builder-el-first  av-inherit-size'><h3 class='av-special-heading-tag '  itemprop=\"headline\"  >Rev\u00eatements avec filet d\u2019ombrage<\/h3><div class=\"special-heading-border\"><div class=\"special-heading-inner-border\"><\/div><\/div><\/div><br \/>\n\n<style type=\"text\/css\" data-created_by=\"avia_inline_auto\" id=\"style-css-av-kqrr8c4c-6b93c75e8715944cc4954523fbe07a16\">\n#top .av_textblock_section.av-kqrr8c4c-6b93c75e8715944cc4954523fbe07a16 .avia_textblock{\ncolor:#515151;\n}\n<\/style>\n<section  class='av_textblock_section av-kqrr8c4c-6b93c75e8715944cc4954523fbe07a16 '   itemscope=\"itemscope\" itemtype=\"https:\/\/schema.org\/CreativeWork\" ><div class='avia_textblock av_inherit_color'  itemprop=\"text\" ><p>Les toits avec filet d&rsquo;ombrage ont une structure tubulaire en acier galvanis\u00e9 Sendzimir Z275. Les arches peuvent \u00eatre r\u00e9alis\u00e9es avec une largeur allant de 3m \u00e0 12m selon vos besoins. Les structures \u00e9tant modulaires peuvent s&rsquo;adapter \u00e0 tout type de forme et de taille. Chaque arceau est renforc\u00e9 par des tirants de renfort et des contreventements.<br \/>\nLe filet d&rsquo;ombrage, en poly\u00e9thyl\u00e8ne haute densit\u00e9 offre jusqu&rsquo;\u00e0 90% d&rsquo;ombrage, et est fix\u00e9 au-dessus de la structure et fournit des feuilles individuelles pour chaque trav\u00e9e, de mani\u00e8re \u00e0 permettre l&rsquo;\u00e9limination de toute accumulation de gr\u00eale. Les toitures avec filet d&rsquo;ombrage sont fix\u00e9es au sol en cr\u00e9ant des fondations souterraines.<\/p>\n<\/div><\/section><br \/>\n\n<style type=\"text\/css\" data-created_by=\"avia_inline_auto\" id=\"style-css-av-kqrr8ncn-8375e7e5a05a617bf5ffffa5d89b8793\">\n#top .av-special-heading.av-kqrr8ncn-8375e7e5a05a617bf5ffffa5d89b8793{\npadding-bottom:25px;\ncolor:#444444;\nfont-size:24px;\n}\nbody .av-special-heading.av-kqrr8ncn-8375e7e5a05a617bf5ffffa5d89b8793 .av-special-heading-tag .heading-char{\nfont-size:25px;\n}\n#top #wrap_all .av-special-heading.av-kqrr8ncn-8375e7e5a05a617bf5ffffa5d89b8793 .av-special-heading-tag{\nfont-size:24px;\n}\n.av-special-heading.av-kqrr8ncn-8375e7e5a05a617bf5ffffa5d89b8793 .special-heading-inner-border{\nborder-color:#444444;\n}\n.av-special-heading.av-kqrr8ncn-8375e7e5a05a617bf5ffffa5d89b8793 .av-subheading{\nfont-size:15px;\n}\n\n@media only screen and (min-width: 480px) and (max-width: 767px){ \n#top #wrap_all .av-special-heading.av-kqrr8ncn-8375e7e5a05a617bf5ffffa5d89b8793 .av-special-heading-tag{\nfont-size:0.8em;\n}\n}\n\n@media only screen and (max-width: 479px){ \n#top #wrap_all .av-special-heading.av-kqrr8ncn-8375e7e5a05a617bf5ffffa5d89b8793 .av-special-heading-tag{\nfont-size:0.8em;\n}\n}\n<\/style>\n<div  class='av-special-heading av-kqrr8ncn-8375e7e5a05a617bf5ffffa5d89b8793 av-special-heading-h3 custom-color-heading blockquote modern-quote  avia-builder-el-4  el_after_av_textblock  el_before_av_textblock  av-inherit-size'><h3 class='av-special-heading-tag '  itemprop=\"headline\"  >Filet d\u2019ombrage<\/h3><div class=\"special-heading-border\"><div class=\"special-heading-inner-border\"><\/div><\/div><\/div><br \/>\n\n<style type=\"text\/css\" data-created_by=\"avia_inline_auto\" id=\"style-css-av-kqrr9cgi-669c5fb22e354d54c45c1a95ab961199\">\n#top .av_textblock_section.av-kqrr9cgi-669c5fb22e354d54c45c1a95ab961199 .avia_textblock{\ncolor:#515151;\n}\n<\/style>\n<section  class='av_textblock_section av-kqrr9cgi-669c5fb22e354d54c45c1a95ab961199 '   itemscope=\"itemscope\" itemtype=\"https:\/\/schema.org\/CreativeWork\" ><div class='avia_textblock av_inherit_color'  itemprop=\"text\" ><p><strong>Structure<\/strong><br \/>\nModulaire adaptable \u00e0 tout type de forme et de taille.<\/p>\n<p><strong>Couverture<\/strong><br \/>\nFilet d&rsquo;ombrage en poly\u00e9thyl\u00e8ne haute densit\u00e9, offre jusqu&rsquo;\u00e0 90 % d&rsquo;ombrage.<\/p>\n<\/div><\/section><\/p>\n<\/div><\/div>\n<style type=\"text\/css\" data-created_by=\"avia_inline_auto\" id=\"style-css-av-kqrrcq6i-c82f1bb3f1180cf2df6ee27e628f69ef\">\n.flex_cell.av-kqrrcq6i-c82f1bb3f1180cf2df6ee27e628f69ef{\nvertical-align:middle;\nheight:500px;\nmin-height:500px;\nbackground:url(https:\/\/euromet.it\/wp-content\/uploads\/2021\/07\/EUROMET.IT-Ombreggianti-.jpg) 50% 50% no-repeat scroll ;\n}\n.responsive #top #wrap_all .flex_cell.av-kqrrcq6i-c82f1bb3f1180cf2df6ee27e628f69ef{\npadding:0px 0px 0px 0px !important;\n}\n<\/style>\n<div class='flex_cell av-kqrrcq6i-c82f1bb3f1180cf2df6ee27e628f69ef av-gridrow-cell av_one_half no_margin  avia-builder-el-6  el_after_av_cell_one_half  avia-builder-el-last  content-align-middle av-zero-padding avia-full-stretch'  ><div class='flex_cell_inner'><\/div><\/div><\/div><div id='after_grid_row_1'  class='main_color av_default_container_wrap container_wrap sidebar_right'  ><div class='container av-section-cont-open' ><div class='template-page content  av-content-small alpha units'><div class='post-entry post-entry-type-page post-entry-3111'><div class='entry-content-wrapper clearfix'>\n<style type=\"text\/css\" data-created_by=\"avia_inline_auto\" id=\"style-css-av-ktbogv3l-692eb9835df1b699a96af97fffa2e454\">\n#top .hr.hr-invisible.av-ktbogv3l-692eb9835df1b699a96af97fffa2e454{\nheight:50px;\n}\n<\/style>\n<div  class='hr av-ktbogv3l-692eb9835df1b699a96af97fffa2e454 hr-invisible  avia-builder-el-7  el_after_av_layout_row  el_before_av_section  avia-builder-el-no-sibling '><span class='hr-inner '><span class=\"hr-inner-style\"><\/span><\/span><\/div><\/p>\n<\/div><\/div><\/div><!-- close content main div --><\/div><\/div><div id='av_section_1'  class='avia-section av-fd2nji-81f33f2aabd6079fcb3239c49ef02d99 main_color avia-section-huge avia-no-border-styling  avia-builder-el-8  el_after_av_hr  avia-builder-el-last  avia-bg-style-scroll container_wrap sidebar_right'  ><div class='container av-section-cont-open' ><div class='template-page content  av-content-small alpha units'><div class='post-entry post-entry-type-page post-entry-3111'><div class='entry-content-wrapper clearfix'>\n<div class='flex_column_table av-dg7fzy-32f55674d50b20aecc256891fe226a32 sc-av_one_fifth av-equal-height-column-flextable'>\n<style type=\"text\/css\" data-created_by=\"avia_inline_auto\" id=\"style-css-av-dg7fzy-32f55674d50b20aecc256891fe226a32\">\n#top .flex_column_table.av-equal-height-column-flextable.av-dg7fzy-32f55674d50b20aecc256891fe226a32{\nmargin-top:-200px;\nmargin-bottom:0px;\n}\n.flex_column.av-dg7fzy-32f55674d50b20aecc256891fe226a32{\nborder-radius:0px 0px 0px 0px;\npadding:40px 40px 40px 40px;\n}\n<\/style>\n<div  class='flex_column av-dg7fzy-32f55674d50b20aecc256891fe226a32 av_one_fifth  avia-builder-el-9  el_before_av_one_fifth  avia-builder-el-first  first no_margin flex_column_table_cell av-equal-height-column av-align-top  '     ><\/div>\n<style type=\"text\/css\" data-created_by=\"avia_inline_auto\" id=\"style-css-av-4o477y-0b5801640b83121e626bdcb970eea762\">\n#top .flex_column_table.av-equal-height-column-flextable.av-4o477y-0b5801640b83121e626bdcb970eea762{\nmargin-top:-200px;\nmargin-bottom:0px;\n}\n.flex_column.av-4o477y-0b5801640b83121e626bdcb970eea762{\nborder-radius:0px 0px 0px 0px;\npadding:40px 40px 40px 40px;\n}\n<\/style>\n<div  class='flex_column av-4o477y-0b5801640b83121e626bdcb970eea762 av_one_fifth  avia-builder-el-10  el_after_av_one_fifth  el_before_av_one_fifth  no_margin flex_column_table_cell av-equal-height-column av-align-top  '     ><\/div>\n<style type=\"text\/css\" data-created_by=\"avia_inline_auto\" id=\"style-css-av-16so3i-d3c40a520a03b29ea107a0f95cecbc90\">\n#top .flex_column_table.av-equal-height-column-flextable.av-16so3i-d3c40a520a03b29ea107a0f95cecbc90{\nmargin-top:-200px;\nmargin-bottom:0px;\n}\n.flex_column.av-16so3i-d3c40a520a03b29ea107a0f95cecbc90{\nborder-radius:0px 0px 0px 0px;\npadding:40px 40px 40px 40px;\nbackground-color:#379cd6;\n}\n<\/style>\n<div  class='flex_column av-16so3i-d3c40a520a03b29ea107a0f95cecbc90 av_one_fifth  avia-builder-el-11  el_after_av_one_fifth  el_before_av_one_fifth  no_margin flex_column_table_cell av-equal-height-column av-align-top  '     ><p>\n<style type=\"text\/css\" data-created_by=\"avia_inline_auto\" id=\"style-css-av-a7x24e-53c4db4b73a2aabe193508057d310466\">\n.av_font_icon.av-a7x24e-53c4db4b73a2aabe193508057d310466{\ncolor:#ffffff;\nborder-color:#ffffff;\n}\n.avia-svg-icon.av-a7x24e-53c4db4b73a2aabe193508057d310466 svg:first-child{\nstroke:#ffffff;\nfill:#ffffff;\n}\n.av_font_icon.av-a7x24e-53c4db4b73a2aabe193508057d310466 .av-icon-char{\nfont-size:60px;\nline-height:60px;\n}\n<\/style>\n<span  class='av_font_icon av-a7x24e-53c4db4b73a2aabe193508057d310466 avia_animate_when_visible av-icon-style- avia-icon-pos-center avia-iconfont avia-font-entypo-fontello avia-icon-animate'><span class='av-icon-char' data-av_icon='\ue805' data-av_iconfont='entypo-fontello' aria-hidden=\"true\" ><\/span><\/span><br \/>\n\n<style type=\"text\/css\" data-created_by=\"avia_inline_auto\" id=\"style-css-av-8iaham-b6748ad542ca0aa122345a49a71c3d13\">\n#top .hr.hr-invisible.av-8iaham-b6748ad542ca0aa122345a49a71c3d13{\nheight:20px;\n}\n<\/style>\n<div  class='hr av-8iaham-b6748ad542ca0aa122345a49a71c3d13 hr-invisible  avia-builder-el-13  el_after_av_font_icon  el_before_av_textblock '><span class='hr-inner '><span class=\"hr-inner-style\"><\/span><\/span><\/div><br \/>\n\n<style type=\"text\/css\" data-created_by=\"avia_inline_auto\" id=\"style-css-av-76h5pa-a13fe990ab918b49e791b85ee80d683f\">\n#top .av_textblock_section.av-76h5pa-a13fe990ab918b49e791b85ee80d683f .avia_textblock{\ncolor:#ffffff;\n}\n<\/style>\n<section  class='av_textblock_section av-76h5pa-a13fe990ab918b49e791b85ee80d683f '   itemscope=\"itemscope\" itemtype=\"https:\/\/schema.org\/CreativeWork\" ><div class='avia_textblock av_inherit_color'  itemprop=\"text\" ><h4 style=\"text-align: center;\">INFORMATIONS REQUISES<\/h4>\n<p style=\"text-align: center;\">Contactez-nous pour une citation<\/p>\n<\/div><\/section><br \/>\n\n<style type=\"text\/css\" data-created_by=\"avia_inline_auto\" id=\"style-css-av-5qivge-9985d9ad6161277c25e279cb2816b179\">\n#top .hr.hr-invisible.av-5qivge-9985d9ad6161277c25e279cb2816b179{\nheight:8px;\n}\n<\/style>\n<div  class='hr av-5qivge-9985d9ad6161277c25e279cb2816b179 hr-invisible  avia-builder-el-15  el_after_av_textblock  el_before_av_button '><span class='hr-inner '><span class=\"hr-inner-style\"><\/span><\/span><\/div><br \/>\n<div  class='avia-button-wrap av-3yxzri-b9d76f2e1dc1d97de60cb16abce58e5a-wrap avia-button-center  avia-builder-el-16  el_after_av_hr  avia-builder-el-last '><a href='mailto:info@euromet.it'  class='avia-button av-3yxzri-b9d76f2e1dc1d97de60cb16abce58e5a av-link-btn avia-icon_select-no avia-size-medium avia-position-center avia-color-light'  target=\"_blank\"  rel=\"noopener noreferrer\"  aria-label=\"\u00c9crivez-nous\"><span class='avia_iconbox_title' >\u00c9crivez-nous<\/span><\/a><\/div><\/p><\/div>\n<style type=\"text\/css\" data-created_by=\"avia_inline_auto\" id=\"style-css-av-25wln2-b913b79a4f4a2e885492abd9a6e792a2\">\n#top .flex_column_table.av-equal-height-column-flextable.av-25wln2-b913b79a4f4a2e885492abd9a6e792a2{\nmargin-top:-200px;\nmargin-bottom:0px;\n}\n.flex_column.av-25wln2-b913b79a4f4a2e885492abd9a6e792a2{\nborder-radius:0px 0px 0px 0px;\npadding:40px 40px 40px 40px;\n}\n<\/style>\n<div  class='flex_column av-25wln2-b913b79a4f4a2e885492abd9a6e792a2 av_one_fifth  avia-builder-el-17  el_after_av_one_fifth  el_before_av_one_fifth  no_margin flex_column_table_cell av-equal-height-column av-align-top  '     ><\/div>\n<style type=\"text\/css\" data-created_by=\"avia_inline_auto\" id=\"style-css-av-36a6pa-c335e67de55aeeae474227137671ccd8\">\n#top .flex_column_table.av-equal-height-column-flextable.av-36a6pa-c335e67de55aeeae474227137671ccd8{\nmargin-top:-200px;\nmargin-bottom:0px;\n}\n.flex_column.av-36a6pa-c335e67de55aeeae474227137671ccd8{\nborder-radius:0px 0px 0px 0px;\npadding:40px 40px 40px 40px;\n}\n<\/style>\n<div  class='flex_column av-36a6pa-c335e67de55aeeae474227137671ccd8 av_one_fifth  avia-builder-el-18  el_after_av_one_fifth  avia-builder-el-last  no_margin flex_column_table_cell av-equal-height-column av-align-top  '     ><\/div><\/div><!--close column table wrapper. Autoclose: 1 -->\n<\/div><\/div><\/div><!-- close content main div --><\/div><\/div><div id='after_section_1'  class='main_color av_default_container_wrap container_wrap sidebar_right'  ><div class='container av-section-cont-open' ><div class='template-page content  av-content-small alpha units'><div class='post-entry post-entry-type-page post-entry-3111'><div class='entry-content-wrapper clearfix'>\n","protected":false},"excerpt":{"rendered":"","protected":false},"author":1,"featured_media":0,"parent":0,"menu_order":0,"comment_status":"closed","ping_status":"closed","template":"","meta":{"_monsterinsights_skip_tracking":false,"_monsterinsights_sitenote_active":false,"_monsterinsights_sitenote_note":"","_monsterinsights_sitenote_category":0,"footnotes":""},"class_list":["post-3111","page","type-page","status-publish","hentry"],"yoast_head":"<!-- This site is optimized with the Yoast SEO Premium plugin v27.2 (Yoast SEO v27.2) - https:\/\/yoast.com\/product\/yoast-seo-premium-wordpress\/ -->\n<title>Ombres - Euromet s.r.l.<\/title>\n<meta name=\"description\" content=\"Anti-gr\u00eale pour les concessionnaires, grandes places et logistique, Abris voiture en pvc et avec filet d&#039;ombrage, Abris et hangars en pvc, en t\u00f4le et isol\u00e9 Des solutions personnalis\u00e9es pour chaque besoin.\" \/>\n<meta name=\"robots\" content=\"index, follow, max-snippet:-1, max-image-preview:large, max-video-preview:-1\" \/>\n<link rel=\"canonical\" href=\"https:\/\/euromet.it\/fr\/ombres\/\" \/>\n<meta property=\"og:locale\" content=\"fr_FR\" \/>\n<meta property=\"og:type\" content=\"article\" \/>\n<meta property=\"og:title\" content=\"Ombres\" \/>\n<meta property=\"og:description\" content=\"Anti-gr\u00eale pour les concessionnaires, grandes places et logistique, Abris voiture en pvc et avec filet d&#039;ombrage, Abris et hangars en pvc, en t\u00f4le et isol\u00e9 Des solutions personnalis\u00e9es pour chaque besoin.\" \/>\n<meta property=\"og:url\" content=\"https:\/\/euromet.it\/fr\/ombres\/\" \/>\n<meta property=\"og:site_name\" content=\"Euromet s.r.l.\" \/>\n<meta property=\"article:modified_time\" content=\"2021-11-19T14:21:46+00:00\" \/>\n<meta name=\"twitter:card\" content=\"summary_large_image\" \/>\n<meta name=\"twitter:label1\" content=\"Dur\u00e9e de lecture estim\u00e9e\" \/>\n\t<meta name=\"twitter:data1\" content=\"3 minutes\" \/>\n<script type=\"application\/ld+json\" class=\"yoast-schema-graph\">{\"@context\":\"https:\/\/schema.org\",\"@graph\":[{\"@type\":\"WebPage\",\"@id\":\"https:\/\/euromet.it\/fr\/ombres\/\",\"url\":\"https:\/\/euromet.it\/fr\/ombres\/\",\"name\":\"Ombres - Euromet s.r.l.\",\"isPartOf\":{\"@id\":\"https:\/\/euromet.it\/fr\/#website\"},\"datePublished\":\"2021-11-03T10:59:58+00:00\",\"dateModified\":\"2021-11-19T14:21:46+00:00\",\"description\":\"Anti-gr\u00eale pour les concessionnaires, grandes places et logistique, Abris voiture en pvc et avec filet d'ombrage, Abris et hangars en pvc, en t\u00f4le et isol\u00e9 Des solutions personnalis\u00e9es pour chaque besoin.\",\"breadcrumb\":{\"@id\":\"https:\/\/euromet.it\/fr\/ombres\/#breadcrumb\"},\"inLanguage\":\"fr-FR\",\"potentialAction\":[{\"@type\":\"ReadAction\",\"target\":[\"https:\/\/euromet.it\/fr\/ombres\/\"]}]},{\"@type\":\"BreadcrumbList\",\"@id\":\"https:\/\/euromet.it\/fr\/ombres\/#breadcrumb\",\"itemListElement\":[{\"@type\":\"ListItem\",\"position\":1,\"name\":\"Home\",\"item\":\"https:\/\/euromet.it\/fr\/euromet\/\"},{\"@type\":\"ListItem\",\"position\":2,\"name\":\"Ombres\"}]},{\"@type\":\"WebSite\",\"@id\":\"https:\/\/euromet.it\/fr\/#website\",\"url\":\"https:\/\/euromet.it\/fr\/\",\"name\":\"Euromet s.r.l.\",\"description\":\"Weather Protection System\",\"potentialAction\":[{\"@type\":\"SearchAction\",\"target\":{\"@type\":\"EntryPoint\",\"urlTemplate\":\"https:\/\/euromet.it\/fr\/?s={search_term_string}\"},\"query-input\":{\"@type\":\"PropertyValueSpecification\",\"valueRequired\":true,\"valueName\":\"search_term_string\"}}],\"inLanguage\":\"fr-FR\"}]}<\/script>\n<!-- \/ Yoast SEO Premium plugin. -->","yoast_head_json":{"title":"Ombres - Euromet s.r.l.","description":"Anti-gr\u00eale pour les concessionnaires, grandes places et logistique, Abris voiture en pvc et avec filet d'ombrage, Abris et hangars en pvc, en t\u00f4le et isol\u00e9 Des solutions personnalis\u00e9es pour chaque besoin.","robots":{"index":"index","follow":"follow","max-snippet":"max-snippet:-1","max-image-preview":"max-image-preview:large","max-video-preview":"max-video-preview:-1"},"canonical":"https:\/\/euromet.it\/fr\/ombres\/","og_locale":"fr_FR","og_type":"article","og_title":"Ombres","og_description":"Anti-gr\u00eale pour les concessionnaires, grandes places et logistique, Abris voiture en pvc et avec filet d'ombrage, Abris et hangars en pvc, en t\u00f4le et isol\u00e9 Des solutions personnalis\u00e9es pour chaque besoin.","og_url":"https:\/\/euromet.it\/fr\/ombres\/","og_site_name":"Euromet s.r.l.","article_modified_time":"2021-11-19T14:21:46+00:00","twitter_card":"summary_large_image","twitter_misc":{"Dur\u00e9e de lecture estim\u00e9e":"3 minutes"},"schema":{"@context":"https:\/\/schema.org","@graph":[{"@type":"WebPage","@id":"https:\/\/euromet.it\/fr\/ombres\/","url":"https:\/\/euromet.it\/fr\/ombres\/","name":"Ombres - Euromet s.r.l.","isPartOf":{"@id":"https:\/\/euromet.it\/fr\/#website"},"datePublished":"2021-11-03T10:59:58+00:00","dateModified":"2021-11-19T14:21:46+00:00","description":"Anti-gr\u00eale pour les concessionnaires, grandes places et logistique, Abris voiture en pvc et avec filet d'ombrage, Abris et hangars en pvc, en t\u00f4le et isol\u00e9 Des solutions personnalis\u00e9es pour chaque besoin.","breadcrumb":{"@id":"https:\/\/euromet.it\/fr\/ombres\/#breadcrumb"},"inLanguage":"fr-FR","potentialAction":[{"@type":"ReadAction","target":["https:\/\/euromet.it\/fr\/ombres\/"]}]},{"@type":"BreadcrumbList","@id":"https:\/\/euromet.it\/fr\/ombres\/#breadcrumb","itemListElement":[{"@type":"ListItem","position":1,"name":"Home","item":"https:\/\/euromet.it\/fr\/euromet\/"},{"@type":"ListItem","position":2,"name":"Ombres"}]},{"@type":"WebSite","@id":"https:\/\/euromet.it\/fr\/#website","url":"https:\/\/euromet.it\/fr\/","name":"Euromet s.r.l.","description":"Weather Protection System","potentialAction":[{"@type":"SearchAction","target":{"@type":"EntryPoint","urlTemplate":"https:\/\/euromet.it\/fr\/?s={search_term_string}"},"query-input":{"@type":"PropertyValueSpecification","valueRequired":true,"valueName":"search_term_string"}}],"inLanguage":"fr-FR"}]}},"_links":{"self":[{"href":"https:\/\/euromet.it\/fr\/wp-json\/wp\/v2\/pages\/3111","targetHints":{"allow":["GET"]}}],"collection":[{"href":"https:\/\/euromet.it\/fr\/wp-json\/wp\/v2\/pages"}],"about":[{"href":"https:\/\/euromet.it\/fr\/wp-json\/wp\/v2\/types\/page"}],"author":[{"embeddable":true,"href":"https:\/\/euromet.it\/fr\/wp-json\/wp\/v2\/users\/1"}],"replies":[{"embeddable":true,"href":"https:\/\/euromet.it\/fr\/wp-json\/wp\/v2\/comments?post=3111"}],"version-history":[{"count":7,"href":"https:\/\/euromet.it\/fr\/wp-json\/wp\/v2\/pages\/3111\/revisions"}],"predecessor-version":[{"id":3632,"href":"https:\/\/euromet.it\/fr\/wp-json\/wp\/v2\/pages\/3111\/revisions\/3632"}],"wp:attachment":[{"href":"https:\/\/euromet.it\/fr\/wp-json\/wp\/v2\/media?parent=3111"}],"curies":[{"name":"wp","href":"https:\/\/api.w.org\/{rel}","templated":true}]}}